{"id":286,"date":"2016-10-31T13:17:59","date_gmt":"2016-10-31T16:17:59","guid":{"rendered":"https:\/\/ifd20-sgo.infd.edu.ar\/sitio\/?page_id=286"},"modified":"2020-09-09T19:20:14","modified_gmt":"2020-09-09T22:20:14","slug":"inicio","status":"publish","type":"page","link":"https:\/\/ifd20-sgo.infd.edu.ar\/sitio\/","title":{"rendered":"Home Instituto"},"content":{"rendered":"<div id=\"metaslider-id-403\" style=\"width: 100%;\" class=\"ml-slider-3-33-0 metaslider metaslider-flex metaslider-403 ml-slider ms-theme-default\" role=\"region\" aria-roledescription=\"Slideshow\" aria-label=\"Slideshow\">\n    <div id=\"metaslider_container_403\">\n        <div id=\"metaslider_403\" class=\"flexslider\">\n            <ul aria-live=\"polite\" class=\"slides\">\n                <li style=\"display: block; width: 100%;\" class=\"slide-607 ms-image\" aria-roledescription=\"slide\" aria-label=\"slide-607\"><a href=\"https:\/\/mapa.infd.edu.ar\/\" target=\"_blank\"><img src=\"https:\/\/ifd20-sgo.infd.edu.ar\/sitio\/wp-content\/uploads\/2018\/06\/mapa_infd6-1100x200.png\" height=\"200\" width=\"1100\" alt=\"\" class=\"slider-403 slide-607\" title=\"mapa_infd6\" \/><\/a><\/li>\n                <li style=\"display: none; width: 100%;\" class=\"slide-609 ms-image\" aria-roledescription=\"slide\" aria-label=\"slide-609\"><a href=\"https:\/\/www.argentina.gob.ar\/educacion\/becas\" target=\"_blank\"><img src=\"https:\/\/ifd20-sgo.infd.edu.ar\/sitio\/wp-content\/uploads\/2018\/06\/becas7-1100x200.png\" height=\"200\" width=\"1100\" alt=\"\" class=\"slider-403 slide-609\" title=\"becas7\" \/><\/a><\/li>\n                <li style=\"display: none; width: 100%;\" class=\"slide-635 ms-image\" aria-roledescription=\"slide\" aria-label=\"slide-635\"><a href=\"https:\/\/www.argentina.gob.ar\/tema\/estudiar\/formacion-docencia\" target=\"_blank\"><img src=\"https:\/\/ifd20-sgo.infd.edu.ar\/sitio\/wp-content\/uploads\/2018\/06\/convocatorias_slide6-1-1100x200.png\" height=\"200\" width=\"1100\" alt=\"\" class=\"slider-403 slide-635\" title=\"convocatorias_slide6-1\" \/><\/a><\/li>\n            <\/ul>\n        <\/div>\n        \n    <\/div>\n<\/div>\n<p style=\"text-align: center;\"><span style=\"font-family: arial black,avant garde;\"><span style=\"font-size: 18pt;\"><span style=\"font-family: impact,chicago;\"><span style=\"font-size: 14pt;\"><em><span style=\"color: #993300;\">Instituto de Formaci\u00f3n Docente N\u00ba 20<\/span><\/em><\/span><\/span><\/span><\/span><\/p>\n<p style=\"text-align: center;\"><span style=\"color: #000000;\"><strong><span style=\"font-family: Arial;\"><span style=\"font-size: 14pt;\">Bandera<\/span><\/span><\/strong><\/span><\/p>\n<p style=\"text-align: center;\"><span style=\"color: #000000;\"><strong><span style=\"font-family: Arial;\"><span style=\"font-size: 14pt;\">Santiago del Estero<\/span><\/span><\/strong><\/span><\/p>\n<p style=\"text-align: center;\"><span style=\"color: #000000;\"><strong><span style=\"font-family: Arial;\"><span style=\"font-size: 14pt;\">Argentina<\/span><\/span><\/strong><\/span><\/p>\n<p><img decoding=\"async\" loading=\"lazy\" class=\"size-full wp-image-869 aligncenter\" src=\"https:\/\/ifd20-sgo.infd.edu.ar\/sitio\/wp-content\/uploads\/2020\/09\/WhatsApp-Image-2020-04-23-at-08.42.07.jpeg\" alt=\"\" width=\"456\" height=\"403\" \/><\/p>\n<div>\n<div style=\"width: 400px; text-align: left;\"><\/div>\n<\/div>\n<p style=\"text-align: center;\">\n<p>\u00a0\u00a0\u00a0\u00a0\u00a0\u00a0\u00a0<span style=\"font-family: arial,helvetica,sans-serif;\">\u00a0 <\/span><\/p>\n<p style=\"text-align: justify;\"><span style=\"font-size: 10pt; color: black; font-family: Verdana;\"><span style=\"font-family: arial,helvetica,sans-serif;\">E<\/span><\/span><span style=\"color: black; font-family: Verdana;\"><span style=\"font-size: 10pt;\"><span style=\"font-family: arial,helvetica,sans-serif;\">ste <span style=\"color: #ff9900;\">Instituto Superior de Formaci\u00f3n Docente\u00a0 N\u00ba 20 <\/span>forma parte del sistema de Educaci\u00f3n P\u00fablica de gesti\u00f3n estatal de la provincia de Santiago del Estero.<\/span><\/span><\/span><\/p>\n<p style=\"text-align: justify;\"><span style=\"color: black; font-family: Verdana;\"><span style=\"font-size: 10pt;\"><span style=\"font-family: arial,helvetica,sans-serif;\">\u00a0\u00a0\u00a0\u00a0\u00a0\u00a0\u00a0 A trav\u00e9s de este sitio en Internet, nuestro Instituto podr\u00e1 comunicar novedades, acercar informaci\u00f3n, compartir experiencias y brindar apoyo y asesoramiento a\u00a0alumnos, docentes e interesados en formar parte de esta comunidad educativa.<\/span><\/span><\/span><\/p>\n<p style=\"text-align: justify;\"><span style=\"color: black; font-family: Verdana;\"><span style=\"font-size: 10pt;\"><span style=\"font-family: arial,helvetica,sans-serif;\">\u00a0\u00a0\u00a0\u00a0\u00a0\u00a0\u00a0\u00a0 Junto con varios cientos de Institutos, integramos la <strong><em>Red\u00a0Virtual de Institutos Superiores de Formaci\u00f3n Docente<\/em><\/strong>\u00a0coordinada por el <strong>INFD<\/strong> (Instituto Nacional de Formaci\u00f3n Docente) dependiente del Ministerio de Educaci\u00f3n de la Naci\u00f3n Argentina.<\/span><\/span><\/span><\/p>\n<p style=\"text-align: justify;\"><span style=\"color: black; font-family: Verdana;\"><span style=\"font-size: 10pt;\"><span style=\"font-family: arial,helvetica,sans-serif;\">\u00a0<\/span><\/span><\/span><\/p>\n","protected":false},"excerpt":{"rendered":"<p>Instituto de Formaci\u00f3n Docente N\u00ba 20 Bandera Santiago del Estero Argentina \u00a0\u00a0\u00a0\u00a0\u00a0\u00a0\u00a0\u00a0 Este Instituto Superior de Formaci\u00f3n Docente\u00a0 N\u00ba 20 forma parte del sistema de Educaci\u00f3n P\u00fablica de gesti\u00f3n estatal de la provincia de Santiago del Estero. \u00a0\u00a0\u00a0\u00a0\u00a0\u00a0\u00a0 A trav\u00e9s de este sitio en Internet, nuestro Instituto podr\u00e1 comunicar novedades, acercar informaci\u00f3n, compartir experiencias y &#8230; <a title=\"Home Instituto\" class=\"read-more\" href=\"https:\/\/ifd20-sgo.infd.edu.ar\/sitio\/\" aria-label=\"More on Home Instituto\">[+]<\/a><\/p>\n","protected":false},"author":1,"featured_media":0,"parent":0,"menu_order":0,"comment_status":"closed","ping_status":"closed","template":"","meta":[],"acf":[],"_links":{"self":[{"href":"https:\/\/ifd20-sgo.infd.edu.ar\/sitio\/wp-json\/wp\/v2\/pages\/286"}],"collection":[{"href":"https:\/\/ifd20-sgo.infd.edu.ar\/sitio\/wp-json\/wp\/v2\/pages"}],"about":[{"href":"https:\/\/ifd20-sgo.infd.edu.ar\/sitio\/wp-json\/wp\/v2\/types\/page"}],"author":[{"embeddable":true,"href":"https:\/\/ifd20-sgo.infd.edu.ar\/sitio\/wp-json\/wp\/v2\/users\/1"}],"replies":[{"embeddable":true,"href":"https:\/\/ifd20-sgo.infd.edu.ar\/sitio\/wp-json\/wp\/v2\/comments?post=286"}],"version-history":[{"count":85,"href":"https:\/\/ifd20-sgo.infd.edu.ar\/sitio\/wp-json\/wp\/v2\/pages\/286\/revisions"}],"predecessor-version":[{"id":877,"href":"https:\/\/ifd20-sgo.infd.edu.ar\/sitio\/wp-json\/wp\/v2\/pages\/286\/revisions\/877"}],"wp:attachment":[{"href":"https:\/\/ifd20-sgo.infd.edu.ar\/sitio\/wp-json\/wp\/v2\/media?parent=286"}],"curies":[{"name":"wp","href":"https:\/\/api.w.org\/{rel}","templated":true}]}}